{"id":3522,"date":"2024-04-02T08:05:25","date_gmt":"2024-04-02T08:05:25","guid":{"rendered":"https:\/\/caex-bpo.com\/?page_id=3522"},"modified":"2025-05-26T15:56:23","modified_gmt":"2025-05-26T20:56:23","slug":"nosotros","status":"publish","type":"page","link":"https:\/\/caex.com.co\/index.php\/nosotros\/","title":{"rendered":"Nosotros"},"content":{"rendered":"<div class=\"fusion-fullwidth fullwidth-box fusion-builder-row-1 fusion-flex-container has-pattern-background has-mask-background nonhundred-percent-fullwidth non-hundred-percent-height-scrolling\" style=\"--awb-border-radius-top-left:0px;--awb-border-radius-top-right:0px;--awb-border-radius-bottom-right:0px;--awb-border-radius-bottom-left:0px;--awb-padding-top:120px;--awb-padding-bottom:120px;--awb-margin-top:0px;--awb-background-color:var(--awb-color8);--awb-flex-wrap:wrap;\" ><div class=\"awb-background-pattern\" style=\"background-image:  url(data:image\/svg+xml;utf8,%3Csvg%20width%3D%2260%22%20height%3D%2260%22%20fill%3D%22none%22%20xmlns%3D%22http%3A%2F%2Fwww.w3.org%2F2000%2Fsvg%22%3E%3Cpath%20d%3D%22M26%201h-7a3%203%200%2000-3%203v7a3%203%200%20003%203h7a3%203%200%20003-3V4a3%203%200%2000-3-3zM56%201h-7a3%203%200%2000-3%203v7a3%203%200%20003%203h7a3%203%200%20003-3V4a3%203%200%2000-3-3zM11%2031H4a3%203%200%2000-3%203v7a3%203%200%20003%203h7a3%203%200%20003-3v-7a3%203%200%2000-3-3zM26%2031h-7a3%203%200%2000-3%203v7a3%203%200%20003%203h7a3%203%200%20003-3v-7a3%203%200%2000-3-3zM41%2031h-7a3%203%200%2000-3%203v7a3%203%200%20003%203h7a3%203%200%20003-3v-7a3%203%200%2000-3-3zM11%2016H4a3%203%200%2000-3%203v7a3%203%200%20003%203h7a3%203%200%20003-3v-7a3%203%200%2000-3-3zM41%2016h-7a3%203%200%2000-3%203v7a3%203%200%20003%203h7a3%203%200%20003-3v-7a3%203%200%2000-3-3zM56%2016h-7a3%203%200%2000-3%203v7a3%203%200%20003%203h7a3%203%200%20003-3v-7a3%203%200%2000-3-3zM26%2046h-7a3%203%200%2000-3%203v7a3%203%200%20003%203h7a3%203%200%20003-3v-7a3%203%200%2000-3-3zM56%2046h-7a3%203%200%2000-3%203v7a3%203%200%20003%203h7a3%203%200%20003-3v-7a3%203%200%2000-3-3z%22%20fill%3D%22rgba%28143%2C153%2C234%2C1%29%22%2F%3E%3C%2Fsvg%3E);opacity: 0.03 ;background-size:60%;mix-blend-mode:normal;\"><\/div><div class=\"awb-background-mask\" style=\"background-image:  url(data:image\/svg+xml;utf8,%3Csvg%20width%3D%221920%22%20height%3D%22954%22%20fill%3D%22none%22%20xmlns%3D%22http%3A%2F%2Fwww.w3.org%2F2000%2Fsvg%22%3E%3Cg%20clip-path%3D%22url%28%23prefix__clip0_75_23031%29%22%20fill%3D%22rgba%2839%2C39%2C186%2C1%29%22%3E%3Cpath%20d%3D%22M1321.57%20538C1357.08%20287.516%201273.7%2089.91%201127-.418L1374.18-6c65.77%20100.68-15.89%20431.512-52.61%20544zM312%20955c432.242%200%20746.77-180.667%20850-271-90.34%20157.09-176.766%20246.121-208.688%20271H312z%22%20fill%3D%22rgba%2839%2C39%2C186%2C1%29%22%20fill-opacity%3D%22.25%22%2F%3E%3Cpath%20d%3D%22M1344.5%20427c0-252.4-212.67-390.833-319-428.5H1373c70%2082.4%2010.17%20320-28.5%20428.5z%22%20fill%3D%22rgba%2839%2C39%2C186%2C1%29%22%20fill-opacity%3D%22.1%22%2F%3E%3Cpath%20fill-rule%3D%22evenodd%22%20clip-rule%3D%22evenodd%22%20d%3D%22M839.644%20954C1138.37%20793.549%201337%20508.902%201337%20184.5c0-63.218-7.54-124.926-21.9-184.5H1920v954H839.644zm0%200C676.842%201041.44%20484.311%201092%20278%201092c-584.87%200-1059-406.302-1059-907.5S-306.87-723%20278-723c511.098%200%20937.63%20310.269%201037.1%20723H0v954h839.644z%22%20fill%3D%22rgba%2839%2C39%2C186%2C1%29%22%20fill-opacity%3D%22.5%22%2F%3E%3Cpath%20fill-rule%3D%22evenodd%22%20clip-rule%3D%22evenodd%22%20d%3D%22M1011.55%20954C1221.42%20793.95%201353%20564.007%201353%20308.5c0-108.584-23.76-212.552-67.2-308.5H1920v954h-908.45zm0%200c-187.291%20142.83-436.933%20230-711.05%20230C-280.78%201184-752%20792.025-752%20308.5S-280.78-567%20300.5-567c450.743%200%20835.31%20235.692%20985.3%20567H0v954h1011.55z%22%2F%3E%3C%2Fg%3E%3Cdefs%3E%3CclipPath%20id%3D%22prefix__clip0_75_23031%22%3E%3Cpath%20fill%3D%22%23fff%22%20d%3D%22M0%200h1920v954H0z%22%2F%3E%3C%2FclipPath%3E%3C%2Fdefs%3E%3C%2Fsvg%3E);opacity: 0.4 ;transform: scale(1, -1);mix-blend-mode:normal;\"><\/div><div class=\"fusion-builder-row fusion-row fusion-flex-align-items-center fusion-flex-content-wrap\" style=\"max-width:1372.8px;margin-left: calc(-4% \/ 2 );margin-right: calc(-4% \/ 2 );\"><div class=\"fusion-layout-column fusion_builder_column fusion-builder-column-0 fusion_builder_column_1_2 1_2 fusion-flex-column\" style=\"--awb-bg-size:cover;--awb-width-large:50%;--awb-margin-top-large:0px;--awb-spacing-right-large:3.84%;--awb-margin-bottom-large:0px;--awb-spacing-left-large:3.84%;--awb-width-medium:50%;--awb-order-medium:0;--awb-spacing-right-medium:3.84%;--awb-spacing-left-medium:3.84%;--awb-width-small:100%;--awb-order-small:0;--awb-spacing-right-small:1.92%;--awb-spacing-left-small:1.92%;\"><div class=\"fusion-column-wrapper fusion-column-has-shadow fusion-flex-justify-content-flex-start fusion-content-layout-column\"><div class=\"fusion-text fusion-text-1 fusion-text-no-margin\" style=\"--awb-font-size:19px;--awb-text-transform:capitalize;--awb-text-color:var(--awb-color5);--awb-margin-bottom:0px;\"><p>Passionate &#8211; Dedicated &#8211; Professional<\/p>\n<\/div><div class=\"fusion-separator\" style=\"align-self: flex-start;margin-right:auto;width:100%;max-width:282px;\"><div class=\"fusion-separator-border sep-single sep-dotted\" style=\"--awb-height:20px;--awb-amount:20px;--awb-sep-color:var(--awb-color4);border-color:var(--awb-color4);border-top-width:1px;\"><\/div><\/div><div class=\"fusion-title title fusion-title-1 fusion-sep-none fusion-title-text fusion-title-size-two\" style=\"--awb-text-color:var(--awb-color1);--awb-margin-top:20px;\"><h2 class=\"fusion-title-heading title-heading-left\" style=\"margin:0;\"><p class=\"p2\"><span class=\"s1\"><span class=\"Apple-converted-space\">\u00a0<\/span><\/span><b>Nosotros<span class=\"Apple-converted-space\">\u00a0<\/span><\/b><\/p><\/h2><\/div><div class=\"fusion-text fusion-text-2 fusion-text-no-margin\" style=\"--awb-text-color:hsla(var(--awb-color1-h),var(--awb-color1-s),var(--awb-color1-l),calc(var(--awb-color1-a) - 30%));--awb-margin-top:10px;--awb-margin-bottom:10px;\"><p style=\"color: #ffffff;\">Fundada en 1985 en la ciudad de Cali, CAEX es una empresa colombiana con m\u00e1s de 39 a\u00f1os de trayectoria en el sector postal. Nos especializamos en ofrecer soluciones log\u00edsticas confiables y eficientes, que abarcan desde la recolecci\u00f3n hasta la entrega de objetos postales, tanto masivos como individuales, as\u00ed como el manejo de paqueter\u00eda de hasta 5 kg. Nuestra cobertura se extiende a nivel local, regional y nacional.<\/p>\n<p style=\"color: #ffffff;\">En el a\u00f1o 2020, con el objetivo de diversificar nuestro portafolio de servicios, incorporamos una nueva l\u00ednea de negocio: Contact Center, a trav\u00e9s de la cual desarrollamos campa\u00f1as orientadas al telemercadeo y la atenci\u00f3n al cliente, brindando soporte profesional y personalizado a empresas de diversos sectores.<\/p>\n<p style=\"color: #ffffff;\">En CAEX trabajamos con compromiso, calidad y experiencia, conectando personas y negocios en todo el territorio colombiano.<\/p>\n<\/div><\/div><\/div><div class=\"fusion-layout-column fusion_builder_column fusion-builder-column-1 fusion_builder_column_1_2 1_2 fusion-flex-column\" style=\"--awb-padding-top-small:80px;--awb-bg-size:cover;--awb-width-large:50%;--awb-margin-top-large:0px;--awb-spacing-right-large:3.84%;--awb-margin-bottom-large:0px;--awb-spacing-left-large:3.84%;--awb-width-medium:50%;--awb-order-medium:0;--awb-spacing-right-medium:3.84%;--awb-spacing-left-medium:3.84%;--awb-width-small:100%;--awb-order-small:0;--awb-spacing-right-small:1.92%;--awb-spacing-left-small:1.92%;\"><div class=\"fusion-column-wrapper fusion-column-has-shadow fusion-flex-justify-content-flex-start fusion-content-layout-column\"><div class=\"awb-circles-info icons-on-outer-circle\" style=\"--awb-icon-circle-color:hsla(var(--awb-color2-h),var(--awb-color2-s),var(--awb-color2-l),calc(var(--awb-color2-a) - 75%));--awb-icon-circle-size:3px;--awb-content-circle-color:var(--awb-color4);--awb-content-circle-size:0px;--awb-icon-size:30px;--awb-icon-bg-active-color:var(--awb-color5);--awb-title-font-size:24px;--awb-title-letter-spacing:var(--awb-typography1-letter-spacing);--awb-title-color:var(--awb-color1);--awb-title-hover-color:var(--awb-color5);--awb-content-color:var(--awb-color4);--awb-gradient-start-position:0%;--awb-gradient-end-position:100%;--awb-linear-angle:180deg;--awb-radial-direction:circle at center center;--awb-background-position:center top;--awb-title-text-transform:var(--awb-typography1-text-transform);--awb-title-line-height:var(--awb-typography1-line-height);--awb-icon-circle-border-style:dotted;--awb-title-font-family:var(--awb-typography1-font-family);--awb-title-font-weight:var(--awb-typography1-font-weight);--awb-title-font-style:var(--awb-typography1-font-style);\" data-auto-rotation=\"yes\" data-auto-rotation-time=\"5000\" data-pause-on-hover=\"yes\" data-activation-type=\"mouseover\"><div class=\"awb-circles-info-wrapper\"><div class=\"awb-circles-info-icons-wrapper\"><div class=\"awb-circles-info-tab-link\" data-id=\"1\"><span><i class=\"awb-business-settings\"><\/i><\/span><\/div><div class=\"awb-circles-info-tab-link\" data-id=\"2\"><span><i class=\"awb-business-chart\"><\/i><\/span><\/div><div class=\"awb-circles-info-tab-link\" data-id=\"3\"><span><i class=\"awb-business-mission\"><\/i><\/span><\/div><\/div><div class=\"awb-circles-info-content-wrapper\"><div class=\"awb-circle-info awb-circles-info-content-area awb-circle-info-1 has-bg-image bg-image-blend-mode-\" data-id=\"1\" style=\"--awb-background-image:url(&quot;https:\/\/caex.com.co\/wp-content\/uploads\/2022\/10\/working-hours.jpg&quot;);\"><div class=\"awb-circles-info-title\"><a href=\"#\" target=\"_self\"><\/a><\/div><\/div><div class=\"awb-circle-info awb-circles-info-content-area awb-circle-info-2 has-bg-image bg-image-blend-mode-\" data-id=\"2\" style=\"--awb-background-image:url(&quot;https:\/\/caex.com.co\/wp-content\/uploads\/2022\/10\/data-analytics-2.jpg&quot;);--awb-background-position:left top;\"><div class=\"awb-circles-info-title\"><a href=\"#\" target=\"_self\"><\/a><\/div><\/div><div class=\"awb-circle-info awb-circles-info-content-area awb-circle-info-3 has-bg-image bg-image-blend-mode-\" data-id=\"3\" style=\"--awb-background-image:url(&quot;https:\/\/caex.com.co\/wp-content\/uploads\/2022\/10\/business-newsletter-1.jpg&quot;);\"><div class=\"awb-circles-info-title\"><a href=\"#\" target=\"_self\"><\/a><\/div><\/div><\/div><\/div><\/div><\/div><\/div><\/div><\/div>\n","protected":false},"excerpt":{"rendered":"","protected":false},"author":2,"featured_media":0,"parent":0,"menu_order":0,"comment_status":"closed","ping_status":"closed","template":"100-width.php","meta":{"_acf_changed":false,"footnotes":""},"class_list":["post-3522","page","type-page","status-publish","hentry"],"acf":[],"_links":{"self":[{"href":"https:\/\/caex.com.co\/index.php\/wp-json\/wp\/v2\/pages\/3522","targetHints":{"allow":["GET"]}}],"collection":[{"href":"https:\/\/caex.com.co\/index.php\/wp-json\/wp\/v2\/pages"}],"about":[{"href":"https:\/\/caex.com.co\/index.php\/wp-json\/wp\/v2\/types\/page"}],"author":[{"embeddable":true,"href":"https:\/\/caex.com.co\/index.php\/wp-json\/wp\/v2\/users\/2"}],"replies":[{"embeddable":true,"href":"https:\/\/caex.com.co\/index.php\/wp-json\/wp\/v2\/comments?post=3522"}],"version-history":[{"count":4,"href":"https:\/\/caex.com.co\/index.php\/wp-json\/wp\/v2\/pages\/3522\/revisions"}],"predecessor-version":[{"id":3690,"href":"https:\/\/caex.com.co\/index.php\/wp-json\/wp\/v2\/pages\/3522\/revisions\/3690"}],"wp:attachment":[{"href":"https:\/\/caex.com.co\/index.php\/wp-json\/wp\/v2\/media?parent=3522"}],"curies":[{"name":"wp","href":"https:\/\/api.w.org\/{rel}","templated":true}]}}